{"id":479,"date":"2023-09-09T13:45:33","date_gmt":"2023-09-09T10:45:33","guid":{"rendered":"https:\/\/www.panelkon.com\/?post_type=product&#038;p=479"},"modified":"2023-09-09T13:46:08","modified_gmt":"2023-09-09T10:46:08","slug":"martin-ms-510-ic-d","status":"publish","type":"product","link":"https:\/\/www.panelkon.com\/en\/urun\/martin-ms-510-ic-d\/","title":{"rendered":"Martin MS 510 \u0130\u00e7 D"},"content":{"rendered":"<div id=\"tabsTemp\" class=\"w-tabs\">\n<div class=\"w-tabs-section active\">\n<div class=\"w-tabs-section-content\">\n<div class=\"w-tabs-section-content-h\">\n<div class=\"g-cols wpb_row offset_default\">\n<div class=\"one-half\">\n<div class=\"wpb_text_column \">\n<div class=\"wpb_wrapper\">\n<div id=\"tabsTemp\" class=\"w-tabs\">\n<div class=\"w-tabs-section active\">\n<div class=\"w-tabs-section-content\">\n<div class=\"w-tabs-section-content-h\">\n<div class=\"g-cols wpb_row offset_default\">\n<div class=\"one-half\">\n<div class=\"wpb_text_column \">\n<div class=\"wpb_wrapper\">\n<div id=\"tabsTemp\" class=\"w-tabs\">\n<div class=\"w-tabs-section active\">\n<div class=\"w-tabs-section-content\">\n<div class=\"w-tabs-section-content-h\">\n<div class=\"g-cols wpb_row offset_default\">\n<div class=\"one-half\">\n<div class=\"wpb_text_column \">\n<div class=\"wpb_wrapper\">\n<div id=\"tabsTemp\" class=\"w-tabs\">\n<div class=\"w-tabs-section active\">\n<div class=\"w-tabs-section-content\">\n<div class=\"w-tabs-section-content-h\">\n<div class=\"g-cols wpb_row offset_default\">\n<div class=\"one-half\">\n<div class=\"wpb_text_column \">\n<div class=\"wpb_wrapper\">\n<div id=\"tabsTemp\" class=\"w-tabs\">\n<div class=\"w-tabs-section active\">\n<div class=\"w-tabs-section-content\">\n<div class=\"w-tabs-section-content-h\">\n<div class=\"wpb_text_column \">\n<div class=\"wpb_wrapper\">\n<div id=\"tabsTemp\" class=\"w-tabs\">\n<div class=\"w-tabs-section active\">\n<div class=\"w-tabs-section-content\">\n<div class=\"w-tabs-section-content-h\">\n<div class=\"g-cols wpb_row offset_default\">\n<div class=\"one-half\">\n<div class=\"wpb_text_column \">\n<div class=\"wpb_wrapper\">\n<div id=\"tabsTemp\" class=\"w-tabs\">\n<div class=\"w-tabs-section active\">\n<div class=\"w-tabs-section-content\">\n<div class=\"w-tabs-section-content-h\">\n<div class=\"g-cols wpb_row offset_default\">\n<div class=\"one-half\">\n<div class=\"wpb_text_column \">\n<div class=\"wpb_wrapper\">\n<div id=\"tabsTemp\" class=\"w-tabs\">\n<div class=\"w-tabs-section active\">\n<div class=\"w-tabs-section-content\">\n<div class=\"w-tabs-section-content-h\">\n<div class=\"g-cols wpb_row offset_default\">\n<div class=\"one-half\">\n<div class=\"wpb_text_column \">\n<div class=\"wpb_wrapper\">\n<p>Panelkon garantisiyle \u00fcretilen Standart koltuk modellerimizden olan <strong>Martin MS 510 \u0130\u00e7 D\u00a0<\/strong>kodlu<strong> MARTIN UZUN AH\u015eAP KOL, \u0130\u00c7TEN \u00c7IKMALI YAZI TABLASI, SIRT VE OTURAK D\u00d6\u015eEMEL\u0130\u00a0KONFERANS KOLTU\u011eU <\/strong>TSE&#8217;ye uygun olarak \u00fcretilmektedir.<\/p>\n<p>\u00dcr\u00fcn\u00fcn \u00fcretim s\u00fcrecinde kulland\u0131\u011f\u0131m\u0131z malzemeler insan sa\u011fl\u0131\u011f\u0131na uygun materyallerden olu\u015fmaktad\u0131r. T\u00fcm \u00fcr\u00fcnlerimiz insan sa\u011fl\u0131\u011f\u0131 dikkate al\u0131narak ihtiyaca y\u00f6nelik ve konfor anlay\u0131\u015f\u0131 benimsenerek \u00fcretilmektedir.<\/p>\n<p>Bize a\u015fa\u011f\u0131daki bilgilerden ula\u015fabilir ve \u00fcr\u00fcn \/ fiyat bilgisi alabilirsiniz.<\/p>\n<p><em>Telefon:<\/em> +90 (212) 734 36 50<br \/>\n<em>E-Posta:<\/em> <a href=\"mailto:info@panelkon.com\">info@panelkon.com<\/a><\/p>\n<\/div>\n<\/div>\n<\/div>\n<\/div>\n<\/div>\n<\/div>\n<\/div>\n<\/div>\n<\/div>\n<\/div>\n<\/div>\n<\/div>\n<\/div>\n<\/div>\n<\/div>\n<\/div>\n<\/div>\n<\/div>\n<\/div>\n<\/div>\n<\/div>\n<\/div>\n<\/div>\n<\/div>\n<\/div>\n<\/div>\n<\/div>\n<\/div>\n<\/div>\n<\/div>\n<\/div>\n<\/div>\n<\/div>\n<\/div>\n<\/div>\n<\/div>\n<\/div>\n<\/div>\n<\/div>\n<\/div>\n<\/div>\n<\/div>\n<\/div>\n<\/div>\n<\/div>\n<\/div>\n<\/div>\n<\/div>\n<\/div>\n<\/div>\n<\/div>\n<\/div>\n<\/div>\n<\/div>\n<\/div>\n<\/div>\n<\/div>\n<\/div>\n<\/div>\n<\/div>\n<\/div>\n<div class=\"w-tabs-section\"><\/div>\n<\/div>\n","protected":false},"excerpt":{"rendered":"<p><span class=\"excerpt-hellip\"> [\u2026]<\/span><\/p>\n","protected":false},"featured_media":566,"template":"","meta":[],"product_brand":[],"product_cat":[173,125],"product_tag":[191,192,193,194,195],"class_list":{"0":"post-479","1":"product","2":"type-product","3":"status-publish","4":"has-post-thumbnail","6":"product_cat-martin","7":"product_cat-standart-koltuklar","8":"product_tag-konferans-koltugu","9":"product_tag-konferans-koltuklari","10":"product_tag-kongre-koltuklari","11":"product_tag-martin-ms-510-ic-d","12":"product_tag-standart-koltuk","14":"first","15":"instock","16":"shipping-taxable","17":"product-type-simple"},"yoast_head":"<!-- This site is optimized with the Yoast SEO plugin v27.4 - https:\/\/yoast.com\/product\/yoast-seo-wordpress\/ -->\n<title>Martin MS 510 \u0130\u00e7 D - Panelkon Konferans Koltuk Sistemleri<\/title>\n<meta name=\"description\" content=\"Standart koltuk modellerimizden olan Martin MS 510 \u0130\u00e7 D\u00a0kodlu MARTIN UZUN AH\u015eAP KOL, \u0130\u00c7TEN \u00c7IKMALI YAZI TABLASI, SIRT VE OTURAK D\u00d6\u015eEMEL\u0130\u00a0KONFERANS KOLTU\u011eU ..\" \/>\n<meta name=\"robots\" content=\"index, follow, max-snippet:-1, max-image-preview:large, max-video-preview:-1\" \/>\n<link rel=\"canonical\" href=\"https:\/\/www.panelkon.com\/urun\/martin-ms-510-ic-d\/\" \/>\n<meta property=\"og:locale\" content=\"en_US\" \/>\n<meta property=\"og:type\" content=\"article\" \/>\n<meta property=\"og:title\" content=\"Martin MS 510 \u0130\u00e7 D - Panelkon Konferans Koltuk Sistemleri\" \/>\n<meta property=\"og:description\" content=\"Standart koltuk modellerimizden olan Martin MS 510 \u0130\u00e7 D\u00a0kodlu MARTIN UZUN AH\u015eAP KOL, \u0130\u00c7TEN \u00c7IKMALI YAZI TABLASI, SIRT VE OTURAK D\u00d6\u015eEMEL\u0130\u00a0KONFERANS KOLTU\u011eU ..\" \/>\n<meta property=\"og:url\" content=\"https:\/\/www.panelkon.com\/urun\/martin-ms-510-ic-d\/\" \/>\n<meta property=\"og:site_name\" content=\"Panelkon Konferans Koltuk Sistemleri\" \/>\n<meta property=\"article:modified_time\" content=\"2023-09-09T10:46:08+00:00\" \/>\n<meta property=\"og:image\" content=\"https:\/\/www.panelkon.com\/wp-content\/uploads\/2023\/09\/MARTIN-MS-510-IC-D.jpg\" \/>\n\t<meta property=\"og:image:width\" content=\"750\" \/>\n\t<meta property=\"og:image:height\" content=\"750\" \/>\n\t<meta property=\"og:image:type\" content=\"image\/jpeg\" \/>\n<meta name=\"twitter:card\" content=\"summary_large_image\" \/>\n<script type=\"application\/ld+json\" class=\"yoast-schema-graph\">{\"@context\":\"https:\\\/\\\/schema.org\",\"@graph\":[{\"@type\":\"WebPage\",\"@id\":\"https:\\\/\\\/www.panelkon.com\\\/urun\\\/martin-ms-510-ic-d\\\/\",\"url\":\"https:\\\/\\\/www.panelkon.com\\\/urun\\\/martin-ms-510-ic-d\\\/\",\"name\":\"Martin MS 510 \u0130\u00e7 D - Panelkon Konferans Koltuk Sistemleri\",\"isPartOf\":{\"@id\":\"https:\\\/\\\/www.panelkon.com\\\/#website\"},\"primaryImageOfPage\":{\"@id\":\"https:\\\/\\\/www.panelkon.com\\\/urun\\\/martin-ms-510-ic-d\\\/#primaryimage\"},\"image\":{\"@id\":\"https:\\\/\\\/www.panelkon.com\\\/urun\\\/martin-ms-510-ic-d\\\/#primaryimage\"},\"thumbnailUrl\":\"https:\\\/\\\/www.panelkon.com\\\/wp-content\\\/uploads\\\/2023\\\/09\\\/MARTIN-MS-510-IC-D.jpg\",\"datePublished\":\"2023-09-09T10:45:33+00:00\",\"dateModified\":\"2023-09-09T10:46:08+00:00\",\"description\":\"Standart koltuk modellerimizden olan Martin MS 510 \u0130\u00e7 D\u00a0kodlu MARTIN UZUN AH\u015eAP KOL, \u0130\u00c7TEN \u00c7IKMALI YAZI TABLASI, SIRT VE OTURAK D\u00d6\u015eEMEL\u0130\u00a0KONFERANS KOLTU\u011eU ..\",\"breadcrumb\":{\"@id\":\"https:\\\/\\\/www.panelkon.com\\\/urun\\\/martin-ms-510-ic-d\\\/#breadcrumb\"},\"inLanguage\":\"en-US\",\"potentialAction\":[{\"@type\":\"ReadAction\",\"target\":[\"https:\\\/\\\/www.panelkon.com\\\/urun\\\/martin-ms-510-ic-d\\\/\"]}]},{\"@type\":\"ImageObject\",\"inLanguage\":\"en-US\",\"@id\":\"https:\\\/\\\/www.panelkon.com\\\/urun\\\/martin-ms-510-ic-d\\\/#primaryimage\",\"url\":\"https:\\\/\\\/www.panelkon.com\\\/wp-content\\\/uploads\\\/2023\\\/09\\\/MARTIN-MS-510-IC-D.jpg\",\"contentUrl\":\"https:\\\/\\\/www.panelkon.com\\\/wp-content\\\/uploads\\\/2023\\\/09\\\/MARTIN-MS-510-IC-D.jpg\",\"width\":750,\"height\":750},{\"@type\":\"BreadcrumbList\",\"@id\":\"https:\\\/\\\/www.panelkon.com\\\/urun\\\/martin-ms-510-ic-d\\\/#breadcrumb\",\"itemListElement\":[{\"@type\":\"ListItem\",\"position\":1,\"name\":\"Shop\",\"item\":\"https:\\\/\\\/www.panelkon.com\\\/shop\\\/\"},{\"@type\":\"ListItem\",\"position\":2,\"name\":\"Martin MS 510 \u0130\u00e7 D\"}]},{\"@type\":\"WebSite\",\"@id\":\"https:\\\/\\\/www.panelkon.com\\\/#website\",\"url\":\"https:\\\/\\\/www.panelkon.com\\\/\",\"name\":\"Panelkon Konferans ve Ofis Koltuk Sistemleri\",\"description\":\"\",\"publisher\":{\"@id\":\"https:\\\/\\\/www.panelkon.com\\\/#organization\"},\"potentialAction\":[{\"@type\":\"SearchAction\",\"target\":{\"@type\":\"EntryPoint\",\"urlTemplate\":\"https:\\\/\\\/www.panelkon.com\\\/?s={search_term_string}\"},\"query-input\":{\"@type\":\"PropertyValueSpecification\",\"valueRequired\":true,\"valueName\":\"search_term_string\"}}],\"inLanguage\":\"en-US\"},{\"@type\":\"Organization\",\"@id\":\"https:\\\/\\\/www.panelkon.com\\\/#organization\",\"name\":\"Panelkon Konferans ve Ofis Koltuk Sistemleri\",\"url\":\"https:\\\/\\\/www.panelkon.com\\\/\",\"logo\":{\"@type\":\"ImageObject\",\"inLanguage\":\"en-US\",\"@id\":\"https:\\\/\\\/www.panelkon.com\\\/#\\\/schema\\\/logo\\\/image\\\/\",\"url\":\"https:\\\/\\\/www.panelkon.com\\\/wp-content\\\/uploads\\\/2023\\\/09\\\/panelkon-logo-1.png\",\"contentUrl\":\"https:\\\/\\\/www.panelkon.com\\\/wp-content\\\/uploads\\\/2023\\\/09\\\/panelkon-logo-1.png\",\"width\":3980,\"height\":841,\"caption\":\"Panelkon Konferans ve Ofis Koltuk Sistemleri\"},\"image\":{\"@id\":\"https:\\\/\\\/www.panelkon.com\\\/#\\\/schema\\\/logo\\\/image\\\/\"}}]}<\/script>\n<!-- \/ Yoast SEO plugin. -->","yoast_head_json":{"title":"Martin MS 510 \u0130\u00e7 D - Panelkon Konferans Koltuk Sistemleri","description":"Standart koltuk modellerimizden olan Martin MS 510 \u0130\u00e7 D\u00a0kodlu MARTIN UZUN AH\u015eAP KOL, \u0130\u00c7TEN \u00c7IKMALI YAZI TABLASI, SIRT VE OTURAK D\u00d6\u015eEMEL\u0130\u00a0KONFERANS KOLTU\u011eU ..","robots":{"index":"index","follow":"follow","max-snippet":"max-snippet:-1","max-image-preview":"max-image-preview:large","max-video-preview":"max-video-preview:-1"},"canonical":"https:\/\/www.panelkon.com\/urun\/martin-ms-510-ic-d\/","og_locale":"en_US","og_type":"article","og_title":"Martin MS 510 \u0130\u00e7 D - Panelkon Konferans Koltuk Sistemleri","og_description":"Standart koltuk modellerimizden olan Martin MS 510 \u0130\u00e7 D\u00a0kodlu MARTIN UZUN AH\u015eAP KOL, \u0130\u00c7TEN \u00c7IKMALI YAZI TABLASI, SIRT VE OTURAK D\u00d6\u015eEMEL\u0130\u00a0KONFERANS KOLTU\u011eU ..","og_url":"https:\/\/www.panelkon.com\/urun\/martin-ms-510-ic-d\/","og_site_name":"Panelkon Konferans Koltuk Sistemleri","article_modified_time":"2023-09-09T10:46:08+00:00","og_image":[{"width":750,"height":750,"url":"https:\/\/www.panelkon.com\/wp-content\/uploads\/2023\/09\/MARTIN-MS-510-IC-D.jpg","type":"image\/jpeg"}],"twitter_card":"summary_large_image","schema":{"@context":"https:\/\/schema.org","@graph":[{"@type":"WebPage","@id":"https:\/\/www.panelkon.com\/urun\/martin-ms-510-ic-d\/","url":"https:\/\/www.panelkon.com\/urun\/martin-ms-510-ic-d\/","name":"Martin MS 510 \u0130\u00e7 D - Panelkon Konferans Koltuk Sistemleri","isPartOf":{"@id":"https:\/\/www.panelkon.com\/#website"},"primaryImageOfPage":{"@id":"https:\/\/www.panelkon.com\/urun\/martin-ms-510-ic-d\/#primaryimage"},"image":{"@id":"https:\/\/www.panelkon.com\/urun\/martin-ms-510-ic-d\/#primaryimage"},"thumbnailUrl":"https:\/\/www.panelkon.com\/wp-content\/uploads\/2023\/09\/MARTIN-MS-510-IC-D.jpg","datePublished":"2023-09-09T10:45:33+00:00","dateModified":"2023-09-09T10:46:08+00:00","description":"Standart koltuk modellerimizden olan Martin MS 510 \u0130\u00e7 D\u00a0kodlu MARTIN UZUN AH\u015eAP KOL, \u0130\u00c7TEN \u00c7IKMALI YAZI TABLASI, SIRT VE OTURAK D\u00d6\u015eEMEL\u0130\u00a0KONFERANS KOLTU\u011eU ..","breadcrumb":{"@id":"https:\/\/www.panelkon.com\/urun\/martin-ms-510-ic-d\/#breadcrumb"},"inLanguage":"en-US","potentialAction":[{"@type":"ReadAction","target":["https:\/\/www.panelkon.com\/urun\/martin-ms-510-ic-d\/"]}]},{"@type":"ImageObject","inLanguage":"en-US","@id":"https:\/\/www.panelkon.com\/urun\/martin-ms-510-ic-d\/#primaryimage","url":"https:\/\/www.panelkon.com\/wp-content\/uploads\/2023\/09\/MARTIN-MS-510-IC-D.jpg","contentUrl":"https:\/\/www.panelkon.com\/wp-content\/uploads\/2023\/09\/MARTIN-MS-510-IC-D.jpg","width":750,"height":750},{"@type":"BreadcrumbList","@id":"https:\/\/www.panelkon.com\/urun\/martin-ms-510-ic-d\/#breadcrumb","itemListElement":[{"@type":"ListItem","position":1,"name":"Shop","item":"https:\/\/www.panelkon.com\/shop\/"},{"@type":"ListItem","position":2,"name":"Martin MS 510 \u0130\u00e7 D"}]},{"@type":"WebSite","@id":"https:\/\/www.panelkon.com\/#website","url":"https:\/\/www.panelkon.com\/","name":"Panelkon Konferans ve Ofis Koltuk Sistemleri","description":"","publisher":{"@id":"https:\/\/www.panelkon.com\/#organization"},"potentialAction":[{"@type":"SearchAction","target":{"@type":"EntryPoint","urlTemplate":"https:\/\/www.panelkon.com\/?s={search_term_string}"},"query-input":{"@type":"PropertyValueSpecification","valueRequired":true,"valueName":"search_term_string"}}],"inLanguage":"en-US"},{"@type":"Organization","@id":"https:\/\/www.panelkon.com\/#organization","name":"Panelkon Konferans ve Ofis Koltuk Sistemleri","url":"https:\/\/www.panelkon.com\/","logo":{"@type":"ImageObject","inLanguage":"en-US","@id":"https:\/\/www.panelkon.com\/#\/schema\/logo\/image\/","url":"https:\/\/www.panelkon.com\/wp-content\/uploads\/2023\/09\/panelkon-logo-1.png","contentUrl":"https:\/\/www.panelkon.com\/wp-content\/uploads\/2023\/09\/panelkon-logo-1.png","width":3980,"height":841,"caption":"Panelkon Konferans ve Ofis Koltuk Sistemleri"},"image":{"@id":"https:\/\/www.panelkon.com\/#\/schema\/logo\/image\/"}}]}},"_links":{"self":[{"href":"https:\/\/www.panelkon.com\/en\/wp-json\/wp\/v2\/product\/479","targetHints":{"allow":["GET"]}}],"collection":[{"href":"https:\/\/www.panelkon.com\/en\/wp-json\/wp\/v2\/product"}],"about":[{"href":"https:\/\/www.panelkon.com\/en\/wp-json\/wp\/v2\/types\/product"}],"wp:featuredmedia":[{"embeddable":true,"href":"https:\/\/www.panelkon.com\/en\/wp-json\/wp\/v2\/media\/566"}],"wp:attachment":[{"href":"https:\/\/www.panelkon.com\/en\/wp-json\/wp\/v2\/media?parent=479"}],"wp:term":[{"taxonomy":"product_brand","embeddable":true,"href":"https:\/\/www.panelkon.com\/en\/wp-json\/wp\/v2\/product_brand?post=479"},{"taxonomy":"product_cat","embeddable":true,"href":"https:\/\/www.panelkon.com\/en\/wp-json\/wp\/v2\/product_cat?post=479"},{"taxonomy":"product_tag","embeddable":true,"href":"https:\/\/www.panelkon.com\/en\/wp-json\/wp\/v2\/product_tag?post=479"}],"curies":[{"name":"wp","href":"https:\/\/api.w.org\/{rel}","templated":true}]}}