{"id":418,"date":"2023-09-09T13:45:09","date_gmt":"2023-09-09T10:45:09","guid":{"rendered":"https:\/\/www.panelkon.com\/?post_type=product&#038;p=418"},"modified":"2023-09-09T13:45:42","modified_gmt":"2023-09-09T10:45:42","slug":"martin-ms-500","status":"publish","type":"product","link":"https:\/\/www.panelkon.com\/en\/urun\/martin-ms-500\/","title":{"rendered":"Martin MS 500"},"content":{"rendered":"<div id=\"tabsTemp\" class=\"w-tabs\">\n<div class=\"w-tabs-section active\">\n<div class=\"w-tabs-section-content\">\n<div class=\"w-tabs-section-content-h\">\n<div class=\"wpb_text_column \">\n<div class=\"wpb_wrapper\">\n<div class=\"w-tabs-section active\">\n<div class=\"w-tabs-section-content\">\n<div class=\"w-tabs-section-content-h\">\n<div class=\"g-cols wpb_row offset_default\">\n<div class=\"one-half\">\n<div class=\"wpb_text_column \">\n<div class=\"wpb_wrapper\">\n<div class=\"w-tabs-section active\">\n<div class=\"w-tabs-section-content\">\n<div class=\"w-tabs-section-content-h\">\n<div class=\"g-cols wpb_row offset_default\">\n<div class=\"one-half\">\n<div class=\"wpb_text_column \">\n<div class=\"wpb_wrapper\">\n<div class=\"w-tabs-section active\">\n<div class=\"w-tabs-section-content\">\n<div class=\"w-tabs-section-content-h\">\n<div class=\"g-cols wpb_row offset_default\">\n<div class=\"one-half\">\n<div class=\"wpb_text_column \">\n<div class=\"wpb_wrapper\">\n<div class=\"w-tabs-section active\">\n<div class=\"w-tabs-section-content\">\n<div class=\"w-tabs-section-content-h\">\n<div class=\"g-cols wpb_row offset_default\">\n<div class=\"one-half\">\n<div class=\"wpb_text_column \">\n<div class=\"wpb_wrapper\">\n<div class=\"w-tabs-section active\">\n<div class=\"w-tabs-section-content\">\n<div class=\"w-tabs-section-content-h\">\n<div class=\"wpb_text_column \">\n<div class=\"wpb_wrapper\">\n<div class=\"w-tabs-section active\">\n<div class=\"w-tabs-section-content\">\n<div class=\"w-tabs-section-content-h\">\n<div class=\"g-cols wpb_row offset_default\">\n<div class=\"one-half\">\n<div class=\"wpb_text_column \">\n<div class=\"wpb_wrapper\">\n<div id=\"tabsTemp\" class=\"w-tabs\">\n<div class=\"w-tabs-section active\">\n<div class=\"w-tabs-section-content\">\n<div class=\"w-tabs-section-content-h\">\n<div class=\"wpb_text_column \">\n<div class=\"wpb_wrapper\">\n<p>Panelkon garantisiyle \u00fcretilen Standart koltuk modellerimizden olan <strong>Martin MS 500<\/strong> kodlu <strong>MARTIN\u00a0A\u00c7IK KOL\u00a0KONFERANS KOLTU\u011eU<\/strong><strong>\u00a0<\/strong>TSE&#8217;ye uygun olarak \u00fcretilmektedir.<\/p>\n<p>\u00dcr\u00fcn\u00fcn \u00fcretim s\u00fcrecinde kulland\u0131\u011f\u0131m\u0131z malzemeler insan sa\u011fl\u0131\u011f\u0131na uygun materyallerden olu\u015fmaktad\u0131r. T\u00fcm \u00fcr\u00fcnlerimiz insan sa\u011fl\u0131\u011f\u0131 dikkate al\u0131narak ihtiyaca y\u00f6nelik ve konfor anlay\u0131\u015f\u0131 benimsenerek \u00fcretilmektedir.<\/p>\n<p>Bize a\u015fa\u011f\u0131daki bilgilerden ula\u015fabilir ve \u00fcr\u00fcn \/ fiyat bilgisi alabilirsiniz.<\/p>\n<p><em>Telefon:<\/em> +90 (212) 734 36 50<br \/>\n<em>E-Posta:<\/em> <a href=\"mailto:info@panelkon.com\">info@panelkon.com<\/a><\/p>\n<\/div>\n<\/div>\n<\/div>\n<\/div>\n<\/div>\n<\/div>\n<\/div>\n<\/div>\n<\/div>\n<\/div>\n<\/div>\n<\/div>\n<\/div>\n<\/div>\n<\/div>\n<\/div>\n<\/div>\n<\/div>\n<\/div>\n<\/div>\n<\/div>\n<\/div>\n<\/div>\n<\/div>\n<\/div>\n<\/div>\n<\/div>\n<\/div>\n<\/div>\n<\/div>\n<\/div>\n<\/div>\n<\/div>\n<\/div>\n<\/div>\n<\/div>\n<\/div>\n<\/div>\n<\/div>\n<\/div>\n<\/div>\n<\/div>\n<\/div>\n<\/div>\n<\/div>\n<\/div>\n<\/div>\n<\/div>\n<\/div>\n<\/div>\n<\/div>\n<div class=\"w-tabs-section\"><\/div>\n<div class=\"w-tabs-section\"><\/div>\n<div class=\"w-tabs-section\"><\/div>\n<\/div>\n","protected":false},"excerpt":{"rendered":"<p><span class=\"excerpt-hellip\"> [\u2026]<\/span><\/p>\n","protected":false},"featured_media":502,"template":"","meta":[],"product_brand":[],"product_cat":[173,125],"product_tag":[139,140,174],"class_list":{"0":"post-418","1":"product","2":"type-product","3":"status-publish","4":"has-post-thumbnail","6":"product_cat-martin","7":"product_cat-standart-koltuklar","8":"product_tag-acik-kol-konferans-koltugu","9":"product_tag-indirim","10":"product_tag-martin-ms-500","12":"first","13":"instock","14":"featured","15":"shipping-taxable","16":"product-type-simple"},"yoast_head":"<!-- This site is optimized with the Yoast SEO plugin v27.4 - https:\/\/yoast.com\/product\/yoast-seo-wordpress\/ -->\n<title>Martin MS 500 - Panelkon Konferans Koltuk Sistemleri<\/title>\n<meta name=\"description\" content=\"Standart koltuk modellerimizden olan Martin MS 500 kodlu MARTIN\u00a0A\u00c7IK KOL\u00a0KONFERANS KOLTU\u011eU hakk\u0131nda bilgi al\u0131n.\" \/>\n<meta name=\"robots\" content=\"index, follow, max-snippet:-1, max-image-preview:large, max-video-preview:-1\" \/>\n<link rel=\"canonical\" href=\"https:\/\/www.panelkon.com\/urun\/martin-ms-500\/\" \/>\n<meta property=\"og:locale\" content=\"en_US\" \/>\n<meta property=\"og:type\" content=\"article\" \/>\n<meta property=\"og:title\" content=\"Martin MS 500 - Panelkon Konferans Koltuk Sistemleri\" \/>\n<meta property=\"og:description\" content=\"Standart koltuk modellerimizden olan Martin MS 500 kodlu MARTIN\u00a0A\u00c7IK KOL\u00a0KONFERANS KOLTU\u011eU hakk\u0131nda bilgi al\u0131n.\" \/>\n<meta property=\"og:url\" content=\"https:\/\/www.panelkon.com\/urun\/martin-ms-500\/\" \/>\n<meta property=\"og:site_name\" content=\"Panelkon Konferans Koltuk Sistemleri\" \/>\n<meta property=\"article:modified_time\" content=\"2023-09-09T10:45:42+00:00\" \/>\n<meta property=\"og:image\" content=\"https:\/\/www.panelkon.com\/wp-content\/uploads\/2023\/09\/MARTIN-MS-500.jpg\" \/>\n\t<meta property=\"og:image:width\" content=\"750\" \/>\n\t<meta property=\"og:image:height\" content=\"750\" \/>\n\t<meta property=\"og:image:type\" content=\"image\/jpeg\" \/>\n<meta name=\"twitter:card\" content=\"summary_large_image\" \/>\n<script type=\"application\/ld+json\" class=\"yoast-schema-graph\">{\"@context\":\"https:\\\/\\\/schema.org\",\"@graph\":[{\"@type\":\"WebPage\",\"@id\":\"https:\\\/\\\/www.panelkon.com\\\/urun\\\/martin-ms-500\\\/\",\"url\":\"https:\\\/\\\/www.panelkon.com\\\/urun\\\/martin-ms-500\\\/\",\"name\":\"Martin MS 500 - Panelkon Konferans Koltuk Sistemleri\",\"isPartOf\":{\"@id\":\"https:\\\/\\\/www.panelkon.com\\\/#website\"},\"primaryImageOfPage\":{\"@id\":\"https:\\\/\\\/www.panelkon.com\\\/urun\\\/martin-ms-500\\\/#primaryimage\"},\"image\":{\"@id\":\"https:\\\/\\\/www.panelkon.com\\\/urun\\\/martin-ms-500\\\/#primaryimage\"},\"thumbnailUrl\":\"https:\\\/\\\/www.panelkon.com\\\/wp-content\\\/uploads\\\/2023\\\/09\\\/MARTIN-MS-500.jpg\",\"datePublished\":\"2023-09-09T10:45:09+00:00\",\"dateModified\":\"2023-09-09T10:45:42+00:00\",\"description\":\"Standart koltuk modellerimizden olan Martin MS 500 kodlu MARTIN\u00a0A\u00c7IK KOL\u00a0KONFERANS KOLTU\u011eU hakk\u0131nda bilgi al\u0131n.\",\"breadcrumb\":{\"@id\":\"https:\\\/\\\/www.panelkon.com\\\/urun\\\/martin-ms-500\\\/#breadcrumb\"},\"inLanguage\":\"en-US\",\"potentialAction\":[{\"@type\":\"ReadAction\",\"target\":[\"https:\\\/\\\/www.panelkon.com\\\/urun\\\/martin-ms-500\\\/\"]}]},{\"@type\":\"ImageObject\",\"inLanguage\":\"en-US\",\"@id\":\"https:\\\/\\\/www.panelkon.com\\\/urun\\\/martin-ms-500\\\/#primaryimage\",\"url\":\"https:\\\/\\\/www.panelkon.com\\\/wp-content\\\/uploads\\\/2023\\\/09\\\/MARTIN-MS-500.jpg\",\"contentUrl\":\"https:\\\/\\\/www.panelkon.com\\\/wp-content\\\/uploads\\\/2023\\\/09\\\/MARTIN-MS-500.jpg\",\"width\":750,\"height\":750},{\"@type\":\"BreadcrumbList\",\"@id\":\"https:\\\/\\\/www.panelkon.com\\\/urun\\\/martin-ms-500\\\/#breadcrumb\",\"itemListElement\":[{\"@type\":\"ListItem\",\"position\":1,\"name\":\"Shop\",\"item\":\"https:\\\/\\\/www.panelkon.com\\\/shop\\\/\"},{\"@type\":\"ListItem\",\"position\":2,\"name\":\"Martin MS 500\"}]},{\"@type\":\"WebSite\",\"@id\":\"https:\\\/\\\/www.panelkon.com\\\/#website\",\"url\":\"https:\\\/\\\/www.panelkon.com\\\/\",\"name\":\"Panelkon Konferans ve Ofis Koltuk Sistemleri\",\"description\":\"\",\"publisher\":{\"@id\":\"https:\\\/\\\/www.panelkon.com\\\/#organization\"},\"potentialAction\":[{\"@type\":\"SearchAction\",\"target\":{\"@type\":\"EntryPoint\",\"urlTemplate\":\"https:\\\/\\\/www.panelkon.com\\\/?s={search_term_string}\"},\"query-input\":{\"@type\":\"PropertyValueSpecification\",\"valueRequired\":true,\"valueName\":\"search_term_string\"}}],\"inLanguage\":\"en-US\"},{\"@type\":\"Organization\",\"@id\":\"https:\\\/\\\/www.panelkon.com\\\/#organization\",\"name\":\"Panelkon Konferans ve Ofis Koltuk Sistemleri\",\"url\":\"https:\\\/\\\/www.panelkon.com\\\/\",\"logo\":{\"@type\":\"ImageObject\",\"inLanguage\":\"en-US\",\"@id\":\"https:\\\/\\\/www.panelkon.com\\\/#\\\/schema\\\/logo\\\/image\\\/\",\"url\":\"https:\\\/\\\/www.panelkon.com\\\/wp-content\\\/uploads\\\/2023\\\/09\\\/panelkon-logo-1.png\",\"contentUrl\":\"https:\\\/\\\/www.panelkon.com\\\/wp-content\\\/uploads\\\/2023\\\/09\\\/panelkon-logo-1.png\",\"width\":3980,\"height\":841,\"caption\":\"Panelkon Konferans ve Ofis Koltuk Sistemleri\"},\"image\":{\"@id\":\"https:\\\/\\\/www.panelkon.com\\\/#\\\/schema\\\/logo\\\/image\\\/\"}}]}<\/script>\n<!-- \/ Yoast SEO plugin. -->","yoast_head_json":{"title":"Martin MS 500 - Panelkon Konferans Koltuk Sistemleri","description":"Standart koltuk modellerimizden olan Martin MS 500 kodlu MARTIN\u00a0A\u00c7IK KOL\u00a0KONFERANS KOLTU\u011eU hakk\u0131nda bilgi al\u0131n.","robots":{"index":"index","follow":"follow","max-snippet":"max-snippet:-1","max-image-preview":"max-image-preview:large","max-video-preview":"max-video-preview:-1"},"canonical":"https:\/\/www.panelkon.com\/urun\/martin-ms-500\/","og_locale":"en_US","og_type":"article","og_title":"Martin MS 500 - Panelkon Konferans Koltuk Sistemleri","og_description":"Standart koltuk modellerimizden olan Martin MS 500 kodlu MARTIN\u00a0A\u00c7IK KOL\u00a0KONFERANS KOLTU\u011eU hakk\u0131nda bilgi al\u0131n.","og_url":"https:\/\/www.panelkon.com\/urun\/martin-ms-500\/","og_site_name":"Panelkon Konferans Koltuk Sistemleri","article_modified_time":"2023-09-09T10:45:42+00:00","og_image":[{"width":750,"height":750,"url":"https:\/\/www.panelkon.com\/wp-content\/uploads\/2023\/09\/MARTIN-MS-500.jpg","type":"image\/jpeg"}],"twitter_card":"summary_large_image","schema":{"@context":"https:\/\/schema.org","@graph":[{"@type":"WebPage","@id":"https:\/\/www.panelkon.com\/urun\/martin-ms-500\/","url":"https:\/\/www.panelkon.com\/urun\/martin-ms-500\/","name":"Martin MS 500 - Panelkon Konferans Koltuk Sistemleri","isPartOf":{"@id":"https:\/\/www.panelkon.com\/#website"},"primaryImageOfPage":{"@id":"https:\/\/www.panelkon.com\/urun\/martin-ms-500\/#primaryimage"},"image":{"@id":"https:\/\/www.panelkon.com\/urun\/martin-ms-500\/#primaryimage"},"thumbnailUrl":"https:\/\/www.panelkon.com\/wp-content\/uploads\/2023\/09\/MARTIN-MS-500.jpg","datePublished":"2023-09-09T10:45:09+00:00","dateModified":"2023-09-09T10:45:42+00:00","description":"Standart koltuk modellerimizden olan Martin MS 500 kodlu MARTIN\u00a0A\u00c7IK KOL\u00a0KONFERANS KOLTU\u011eU hakk\u0131nda bilgi al\u0131n.","breadcrumb":{"@id":"https:\/\/www.panelkon.com\/urun\/martin-ms-500\/#breadcrumb"},"inLanguage":"en-US","potentialAction":[{"@type":"ReadAction","target":["https:\/\/www.panelkon.com\/urun\/martin-ms-500\/"]}]},{"@type":"ImageObject","inLanguage":"en-US","@id":"https:\/\/www.panelkon.com\/urun\/martin-ms-500\/#primaryimage","url":"https:\/\/www.panelkon.com\/wp-content\/uploads\/2023\/09\/MARTIN-MS-500.jpg","contentUrl":"https:\/\/www.panelkon.com\/wp-content\/uploads\/2023\/09\/MARTIN-MS-500.jpg","width":750,"height":750},{"@type":"BreadcrumbList","@id":"https:\/\/www.panelkon.com\/urun\/martin-ms-500\/#breadcrumb","itemListElement":[{"@type":"ListItem","position":1,"name":"Shop","item":"https:\/\/www.panelkon.com\/shop\/"},{"@type":"ListItem","position":2,"name":"Martin MS 500"}]},{"@type":"WebSite","@id":"https:\/\/www.panelkon.com\/#website","url":"https:\/\/www.panelkon.com\/","name":"Panelkon Konferans ve Ofis Koltuk Sistemleri","description":"","publisher":{"@id":"https:\/\/www.panelkon.com\/#organization"},"potentialAction":[{"@type":"SearchAction","target":{"@type":"EntryPoint","urlTemplate":"https:\/\/www.panelkon.com\/?s={search_term_string}"},"query-input":{"@type":"PropertyValueSpecification","valueRequired":true,"valueName":"search_term_string"}}],"inLanguage":"en-US"},{"@type":"Organization","@id":"https:\/\/www.panelkon.com\/#organization","name":"Panelkon Konferans ve Ofis Koltuk Sistemleri","url":"https:\/\/www.panelkon.com\/","logo":{"@type":"ImageObject","inLanguage":"en-US","@id":"https:\/\/www.panelkon.com\/#\/schema\/logo\/image\/","url":"https:\/\/www.panelkon.com\/wp-content\/uploads\/2023\/09\/panelkon-logo-1.png","contentUrl":"https:\/\/www.panelkon.com\/wp-content\/uploads\/2023\/09\/panelkon-logo-1.png","width":3980,"height":841,"caption":"Panelkon Konferans ve Ofis Koltuk Sistemleri"},"image":{"@id":"https:\/\/www.panelkon.com\/#\/schema\/logo\/image\/"}}]}},"_links":{"self":[{"href":"https:\/\/www.panelkon.com\/en\/wp-json\/wp\/v2\/product\/418","targetHints":{"allow":["GET"]}}],"collection":[{"href":"https:\/\/www.panelkon.com\/en\/wp-json\/wp\/v2\/product"}],"about":[{"href":"https:\/\/www.panelkon.com\/en\/wp-json\/wp\/v2\/types\/product"}],"wp:featuredmedia":[{"embeddable":true,"href":"https:\/\/www.panelkon.com\/en\/wp-json\/wp\/v2\/media\/502"}],"wp:attachment":[{"href":"https:\/\/www.panelkon.com\/en\/wp-json\/wp\/v2\/media?parent=418"}],"wp:term":[{"taxonomy":"product_brand","embeddable":true,"href":"https:\/\/www.panelkon.com\/en\/wp-json\/wp\/v2\/product_brand?post=418"},{"taxonomy":"product_cat","embeddable":true,"href":"https:\/\/www.panelkon.com\/en\/wp-json\/wp\/v2\/product_cat?post=418"},{"taxonomy":"product_tag","embeddable":true,"href":"https:\/\/www.panelkon.com\/en\/wp-json\/wp\/v2\/product_tag?post=418"}],"curies":[{"name":"wp","href":"https:\/\/api.w.org\/{rel}","templated":true}]}}