{"id":342,"date":"2023-09-09T13:44:41","date_gmt":"2023-09-09T10:44:41","guid":{"rendered":"https:\/\/www.panelkon.com\/?post_type=product&#038;p=342"},"modified":"2023-09-09T13:44:46","modified_gmt":"2023-09-09T10:44:46","slug":"pasifik-ms-1000","status":"publish","type":"product","link":"https:\/\/www.panelkon.com\/en\/urun\/pasifik-ms-1000\/","title":{"rendered":"Pasifik MS 1000"},"content":{"rendered":"<p>\u00dcr\u00fcn\u00fcn \u00fcretim s\u00fcrecinde kulland\u0131\u011f\u0131m\u0131z malzemeler insan sa\u011fl\u0131\u011f\u0131na uygun materyallerden olu\u015fmaktad\u0131r. T\u00fcm \u00fcr\u00fcnlerimiz insan sa\u011fl\u0131\u011f\u0131 dikkate al\u0131narak ihtiyaca y\u00f6nelik ve konfor anlay\u0131\u015f\u0131 benimsenerek \u00fcretilmektedir.<\/p>\n<p>Bize a\u015fa\u011f\u0131daki bilgilerden ula\u015fabilir ve \u00fcr\u00fcn \/ fiyat bilgisi alabilirsiniz.<\/p>\n<p><em>Telefon:<\/em> +90 (212) 734 36 50<br \/>\n<em>E-Posta:<\/em> <a href=\"mailto:info@panelkon.com\">info@panelkon.com<\/a><\/p>\n","protected":false},"excerpt":{"rendered":"<p><strong>Pasifik MS 1000<\/strong> kodlu VIP koltuk modelimiz;<strong><a href=\"https:\/\/www.panelkon.com\/konferans-koltuklari\/\"> konferans<\/a>, <a href=\"https:\/\/www.panelkon.com\/tiyatro-koltuklari\/\">tiyatro<\/a> ve <a href=\"https:\/\/www.panelkon.com\/seminer-koltuklari\/\">seminer<\/a> salonlar\u0131nda kullan\u0131lmak \u00fczere \u00fcretilmektedir.<\/strong> Kol \u00fcst\u00fc ve s\u0131rt komple ah\u015fap, oturak alan\u0131 deri d\u00f6\u015femedir. Talebe g\u00f6re farkl\u0131 renkler sunulabilir. T\u00fcrkiye\u2019nin her yerine Panelkon garantisiyle nakliye ve montaj sa\u011fl\u0131yoruz.<\/p>\n","protected":false},"featured_media":372,"template":"","meta":[],"product_brand":[],"product_cat":[122,121],"product_tag":[123],"class_list":{"0":"post-342","1":"product","2":"type-product","3":"status-publish","4":"has-post-thumbnail","6":"product_cat-pasifik","7":"product_cat-vip-koltuklar","8":"product_tag-pasifik-ms-1000","10":"first","11":"instock","12":"shipping-taxable","13":"product-type-simple"},"yoast_head":"<!-- This site is optimized with the Yoast SEO plugin v27.4 - https:\/\/yoast.com\/product\/yoast-seo-wordpress\/ -->\n<title>Pasifik MS 1000 Konferans, Tiyatro ve Seminer Koltu\u011fu<\/title>\n<meta name=\"description\" content=\"Pasifik MS 1000 kodlu VIP koltuk modelimiz; konferans, tiyatro ve seminer salonlar\u0131nda kullan\u0131lmak \u00fczere \u00fcretilmektedir. Kol \u00fcst\u00fc ve s\u0131rt komple ah\u015fapt\u0131r.\" \/>\n<meta name=\"robots\" content=\"index, follow, max-snippet:-1, max-image-preview:large, max-video-preview:-1\" \/>\n<link rel=\"canonical\" href=\"https:\/\/www.panelkon.com\/urun\/pasifik-ms-1000\/\" \/>\n<meta property=\"og:locale\" content=\"en_US\" \/>\n<meta property=\"og:type\" content=\"article\" \/>\n<meta property=\"og:title\" content=\"Pasifik MS 1000 Konferans, Tiyatro ve Seminer Koltu\u011fu\" \/>\n<meta property=\"og:description\" content=\"Pasifik MS 1000 kodlu VIP koltuk modelimiz; konferans, tiyatro ve seminer salonlar\u0131nda kullan\u0131lmak \u00fczere \u00fcretilmektedir. Kol \u00fcst\u00fc ve s\u0131rt komple ah\u015fapt\u0131r.\" \/>\n<meta property=\"og:url\" content=\"https:\/\/www.panelkon.com\/urun\/pasifik-ms-1000\/\" \/>\n<meta property=\"og:site_name\" content=\"Panelkon Konferans Koltuk Sistemleri\" \/>\n<meta property=\"article:modified_time\" content=\"2023-09-09T10:44:46+00:00\" \/>\n<meta property=\"og:image\" content=\"https:\/\/www.panelkon.com\/wp-content\/uploads\/2023\/09\/PASIFIK-MS-1000-1.jpg\" \/>\n\t<meta property=\"og:image:width\" content=\"750\" \/>\n\t<meta property=\"og:image:height\" content=\"750\" \/>\n\t<meta property=\"og:image:type\" content=\"image\/jpeg\" \/>\n<meta name=\"twitter:card\" content=\"summary_large_image\" \/>\n<script type=\"application\/ld+json\" class=\"yoast-schema-graph\">{\"@context\":\"https:\\\/\\\/schema.org\",\"@graph\":[{\"@type\":\"WebPage\",\"@id\":\"https:\\\/\\\/www.panelkon.com\\\/urun\\\/pasifik-ms-1000\\\/\",\"url\":\"https:\\\/\\\/www.panelkon.com\\\/urun\\\/pasifik-ms-1000\\\/\",\"name\":\"Pasifik MS 1000 Konferans, Tiyatro ve Seminer Koltu\u011fu\",\"isPartOf\":{\"@id\":\"https:\\\/\\\/www.panelkon.com\\\/#website\"},\"primaryImageOfPage\":{\"@id\":\"https:\\\/\\\/www.panelkon.com\\\/urun\\\/pasifik-ms-1000\\\/#primaryimage\"},\"image\":{\"@id\":\"https:\\\/\\\/www.panelkon.com\\\/urun\\\/pasifik-ms-1000\\\/#primaryimage\"},\"thumbnailUrl\":\"https:\\\/\\\/www.panelkon.com\\\/wp-content\\\/uploads\\\/2023\\\/09\\\/PASIFIK-MS-1000-1.jpg\",\"datePublished\":\"2023-09-09T10:44:41+00:00\",\"dateModified\":\"2023-09-09T10:44:46+00:00\",\"description\":\"Pasifik MS 1000 kodlu VIP koltuk modelimiz; konferans, tiyatro ve seminer salonlar\u0131nda kullan\u0131lmak \u00fczere \u00fcretilmektedir. Kol \u00fcst\u00fc ve s\u0131rt komple ah\u015fapt\u0131r.\",\"breadcrumb\":{\"@id\":\"https:\\\/\\\/www.panelkon.com\\\/urun\\\/pasifik-ms-1000\\\/#breadcrumb\"},\"inLanguage\":\"en-US\",\"potentialAction\":[{\"@type\":\"ReadAction\",\"target\":[\"https:\\\/\\\/www.panelkon.com\\\/urun\\\/pasifik-ms-1000\\\/\"]}]},{\"@type\":\"ImageObject\",\"inLanguage\":\"en-US\",\"@id\":\"https:\\\/\\\/www.panelkon.com\\\/urun\\\/pasifik-ms-1000\\\/#primaryimage\",\"url\":\"https:\\\/\\\/www.panelkon.com\\\/wp-content\\\/uploads\\\/2023\\\/09\\\/PASIFIK-MS-1000-1.jpg\",\"contentUrl\":\"https:\\\/\\\/www.panelkon.com\\\/wp-content\\\/uploads\\\/2023\\\/09\\\/PASIFIK-MS-1000-1.jpg\",\"width\":750,\"height\":750},{\"@type\":\"BreadcrumbList\",\"@id\":\"https:\\\/\\\/www.panelkon.com\\\/urun\\\/pasifik-ms-1000\\\/#breadcrumb\",\"itemListElement\":[{\"@type\":\"ListItem\",\"position\":1,\"name\":\"Shop\",\"item\":\"https:\\\/\\\/www.panelkon.com\\\/shop\\\/\"},{\"@type\":\"ListItem\",\"position\":2,\"name\":\"Pasifik MS 1000\"}]},{\"@type\":\"WebSite\",\"@id\":\"https:\\\/\\\/www.panelkon.com\\\/#website\",\"url\":\"https:\\\/\\\/www.panelkon.com\\\/\",\"name\":\"Panelkon Konferans ve Ofis Koltuk Sistemleri\",\"description\":\"\",\"publisher\":{\"@id\":\"https:\\\/\\\/www.panelkon.com\\\/#organization\"},\"potentialAction\":[{\"@type\":\"SearchAction\",\"target\":{\"@type\":\"EntryPoint\",\"urlTemplate\":\"https:\\\/\\\/www.panelkon.com\\\/?s={search_term_string}\"},\"query-input\":{\"@type\":\"PropertyValueSpecification\",\"valueRequired\":true,\"valueName\":\"search_term_string\"}}],\"inLanguage\":\"en-US\"},{\"@type\":\"Organization\",\"@id\":\"https:\\\/\\\/www.panelkon.com\\\/#organization\",\"name\":\"Panelkon Konferans ve Ofis Koltuk Sistemleri\",\"url\":\"https:\\\/\\\/www.panelkon.com\\\/\",\"logo\":{\"@type\":\"ImageObject\",\"inLanguage\":\"en-US\",\"@id\":\"https:\\\/\\\/www.panelkon.com\\\/#\\\/schema\\\/logo\\\/image\\\/\",\"url\":\"https:\\\/\\\/www.panelkon.com\\\/wp-content\\\/uploads\\\/2023\\\/09\\\/panelkon-logo-1.png\",\"contentUrl\":\"https:\\\/\\\/www.panelkon.com\\\/wp-content\\\/uploads\\\/2023\\\/09\\\/panelkon-logo-1.png\",\"width\":3980,\"height\":841,\"caption\":\"Panelkon Konferans ve Ofis Koltuk Sistemleri\"},\"image\":{\"@id\":\"https:\\\/\\\/www.panelkon.com\\\/#\\\/schema\\\/logo\\\/image\\\/\"}}]}<\/script>\n<!-- \/ Yoast SEO plugin. -->","yoast_head_json":{"title":"Pasifik MS 1000 Konferans, Tiyatro ve Seminer Koltu\u011fu","description":"Pasifik MS 1000 kodlu VIP koltuk modelimiz; konferans, tiyatro ve seminer salonlar\u0131nda kullan\u0131lmak \u00fczere \u00fcretilmektedir. Kol \u00fcst\u00fc ve s\u0131rt komple ah\u015fapt\u0131r.","robots":{"index":"index","follow":"follow","max-snippet":"max-snippet:-1","max-image-preview":"max-image-preview:large","max-video-preview":"max-video-preview:-1"},"canonical":"https:\/\/www.panelkon.com\/urun\/pasifik-ms-1000\/","og_locale":"en_US","og_type":"article","og_title":"Pasifik MS 1000 Konferans, Tiyatro ve Seminer Koltu\u011fu","og_description":"Pasifik MS 1000 kodlu VIP koltuk modelimiz; konferans, tiyatro ve seminer salonlar\u0131nda kullan\u0131lmak \u00fczere \u00fcretilmektedir. Kol \u00fcst\u00fc ve s\u0131rt komple ah\u015fapt\u0131r.","og_url":"https:\/\/www.panelkon.com\/urun\/pasifik-ms-1000\/","og_site_name":"Panelkon Konferans Koltuk Sistemleri","article_modified_time":"2023-09-09T10:44:46+00:00","og_image":[{"width":750,"height":750,"url":"https:\/\/www.panelkon.com\/wp-content\/uploads\/2023\/09\/PASIFIK-MS-1000-1.jpg","type":"image\/jpeg"}],"twitter_card":"summary_large_image","schema":{"@context":"https:\/\/schema.org","@graph":[{"@type":"WebPage","@id":"https:\/\/www.panelkon.com\/urun\/pasifik-ms-1000\/","url":"https:\/\/www.panelkon.com\/urun\/pasifik-ms-1000\/","name":"Pasifik MS 1000 Konferans, Tiyatro ve Seminer Koltu\u011fu","isPartOf":{"@id":"https:\/\/www.panelkon.com\/#website"},"primaryImageOfPage":{"@id":"https:\/\/www.panelkon.com\/urun\/pasifik-ms-1000\/#primaryimage"},"image":{"@id":"https:\/\/www.panelkon.com\/urun\/pasifik-ms-1000\/#primaryimage"},"thumbnailUrl":"https:\/\/www.panelkon.com\/wp-content\/uploads\/2023\/09\/PASIFIK-MS-1000-1.jpg","datePublished":"2023-09-09T10:44:41+00:00","dateModified":"2023-09-09T10:44:46+00:00","description":"Pasifik MS 1000 kodlu VIP koltuk modelimiz; konferans, tiyatro ve seminer salonlar\u0131nda kullan\u0131lmak \u00fczere \u00fcretilmektedir. Kol \u00fcst\u00fc ve s\u0131rt komple ah\u015fapt\u0131r.","breadcrumb":{"@id":"https:\/\/www.panelkon.com\/urun\/pasifik-ms-1000\/#breadcrumb"},"inLanguage":"en-US","potentialAction":[{"@type":"ReadAction","target":["https:\/\/www.panelkon.com\/urun\/pasifik-ms-1000\/"]}]},{"@type":"ImageObject","inLanguage":"en-US","@id":"https:\/\/www.panelkon.com\/urun\/pasifik-ms-1000\/#primaryimage","url":"https:\/\/www.panelkon.com\/wp-content\/uploads\/2023\/09\/PASIFIK-MS-1000-1.jpg","contentUrl":"https:\/\/www.panelkon.com\/wp-content\/uploads\/2023\/09\/PASIFIK-MS-1000-1.jpg","width":750,"height":750},{"@type":"BreadcrumbList","@id":"https:\/\/www.panelkon.com\/urun\/pasifik-ms-1000\/#breadcrumb","itemListElement":[{"@type":"ListItem","position":1,"name":"Shop","item":"https:\/\/www.panelkon.com\/shop\/"},{"@type":"ListItem","position":2,"name":"Pasifik MS 1000"}]},{"@type":"WebSite","@id":"https:\/\/www.panelkon.com\/#website","url":"https:\/\/www.panelkon.com\/","name":"Panelkon Konferans ve Ofis Koltuk Sistemleri","description":"","publisher":{"@id":"https:\/\/www.panelkon.com\/#organization"},"potentialAction":[{"@type":"SearchAction","target":{"@type":"EntryPoint","urlTemplate":"https:\/\/www.panelkon.com\/?s={search_term_string}"},"query-input":{"@type":"PropertyValueSpecification","valueRequired":true,"valueName":"search_term_string"}}],"inLanguage":"en-US"},{"@type":"Organization","@id":"https:\/\/www.panelkon.com\/#organization","name":"Panelkon Konferans ve Ofis Koltuk Sistemleri","url":"https:\/\/www.panelkon.com\/","logo":{"@type":"ImageObject","inLanguage":"en-US","@id":"https:\/\/www.panelkon.com\/#\/schema\/logo\/image\/","url":"https:\/\/www.panelkon.com\/wp-content\/uploads\/2023\/09\/panelkon-logo-1.png","contentUrl":"https:\/\/www.panelkon.com\/wp-content\/uploads\/2023\/09\/panelkon-logo-1.png","width":3980,"height":841,"caption":"Panelkon Konferans ve Ofis Koltuk Sistemleri"},"image":{"@id":"https:\/\/www.panelkon.com\/#\/schema\/logo\/image\/"}}]}},"_links":{"self":[{"href":"https:\/\/www.panelkon.com\/en\/wp-json\/wp\/v2\/product\/342","targetHints":{"allow":["GET"]}}],"collection":[{"href":"https:\/\/www.panelkon.com\/en\/wp-json\/wp\/v2\/product"}],"about":[{"href":"https:\/\/www.panelkon.com\/en\/wp-json\/wp\/v2\/types\/product"}],"wp:featuredmedia":[{"embeddable":true,"href":"https:\/\/www.panelkon.com\/en\/wp-json\/wp\/v2\/media\/372"}],"wp:attachment":[{"href":"https:\/\/www.panelkon.com\/en\/wp-json\/wp\/v2\/media?parent=342"}],"wp:term":[{"taxonomy":"product_brand","embeddable":true,"href":"https:\/\/www.panelkon.com\/en\/wp-json\/wp\/v2\/product_brand?post=342"},{"taxonomy":"product_cat","embeddable":true,"href":"https:\/\/www.panelkon.com\/en\/wp-json\/wp\/v2\/product_cat?post=342"},{"taxonomy":"product_tag","embeddable":true,"href":"https:\/\/www.panelkon.com\/en\/wp-json\/wp\/v2\/product_tag?post=342"}],"curies":[{"name":"wp","href":"https:\/\/api.w.org\/{rel}","templated":true}]}}