{"id":1330,"date":"2023-09-09T13:50:53","date_gmt":"2023-09-09T10:50:53","guid":{"rendered":"https:\/\/www.panelkon.com\/?post_type=product&#038;p=1330"},"modified":"2023-09-24T23:41:54","modified_gmt":"2023-09-24T20:41:54","slug":"truva-dortlu-amfi-sirasi-trv-004-on","status":"publish","type":"product","link":"https:\/\/www.panelkon.com\/en\/urun\/truva-dortlu-amfi-sirasi-trv-004-on\/","title":{"rendered":"Truva D\u00f6rtl\u00fc Amfi S\u0131ras\u0131 TRV 004 (\u00d6n)"},"content":{"rendered":"<p>Panelkon garantisiyle \u00fcretilen amfi s\u0131ra modellerimizden olan TRV.004 \u00d6N TRUVA D\u00d6RTL\u00dc AMF\u0130 SIRASI(\u00d6N) TSE\u2019ye uygun olarak \u00fcretilmektedir.<\/p>\n<p>\u00dcr\u00fcn\u00fcn \u00fcretim s\u00fcrecinde kulland\u0131\u011f\u0131m\u0131z malzemeler insan sa\u011fl\u0131\u011f\u0131na uygun materyallerden olu\u015fmaktad\u0131r. T\u00fcm \u00fcr\u00fcnlerimiz insan sa\u011fl\u0131\u011f\u0131 dikkate al\u0131narak ihtiyaca y\u00f6nelik ve konfor anlay\u0131\u015f\u0131 benimsenerek \u00fcretilmektedir.<\/p>\n<p>Bize a\u015fa\u011f\u0131daki bilgilerden ula\u015fabilir ve \u00fcr\u00fcn \/ fiyat bilgisi alabilirsiniz.<\/p>\n<p>Telefon: +90 (212) 734 36 50<br \/>\nE-Posta: info@panelkon.com<\/p>\n","protected":false},"excerpt":{"rendered":"<p>Panelkon garantisiyle \u00fcretilen amfi s\u0131ra modellerimizden olan TRV.004 \u00d6N TRUVA D\u00d6RTL\u00dc AMF\u0130 SIRASI(\u00d6N) TSE\u2019ye uygun olarak \u00fcretilmektedir. \u00dcr\u00fcn\u00fcn \u00fcretim s\u00fcrecinde kulland\u0131\u011f\u0131m\u0131z malzemeler insan sa\u011fl\u0131\u011f\u0131na uygun materyallerden<span class=\"excerpt-hellip\"> [\u2026]<\/span><\/p>\n","protected":false},"featured_media":1363,"template":"","meta":[],"product_brand":[],"product_cat":[15,1085],"product_tag":[],"class_list":{"0":"post-1330","1":"product","2":"type-product","3":"status-publish","4":"has-post-thumbnail","6":"product_cat-genel","7":"product_cat-truva","9":"first","10":"instock","11":"shipping-taxable","12":"product-type-simple"},"yoast_head":"<!-- This site is optimized with the Yoast SEO plugin v27.4 - https:\/\/yoast.com\/product\/yoast-seo-wordpress\/ -->\n<title>Truva D\u00f6rtl\u00fc Amfi S\u0131ras\u0131 TRV 004 | Panelkon Amfi Koltu\u011fu<\/title>\n<meta name=\"description\" content=\"Truva D\u00f6rtl\u00fc Amfi S\u0131ras\u0131 TRV 004 Panelkon garantisiyle \u00fcretilen amfi s\u0131ra modellerimizden olan TRV.004 \u00d6N TRUVA D\u00d6RTL\u00dc AMF\u0130 SIRASI(\u00d6N) TSE\u2019ye uygun.\" \/>\n<meta name=\"robots\" content=\"index, follow, max-snippet:-1, max-image-preview:large, max-video-preview:-1\" \/>\n<link rel=\"canonical\" href=\"https:\/\/www.panelkon.com\/en\/urun\/truva-dortlu-amfi-sirasi-trv-004-on\/\" \/>\n<meta property=\"og:locale\" content=\"en_US\" \/>\n<meta property=\"og:type\" content=\"article\" \/>\n<meta property=\"og:title\" content=\"Truva D\u00f6rtl\u00fc Amfi S\u0131ras\u0131 TRV 004 | Panelkon Amfi Koltu\u011fu\" \/>\n<meta property=\"og:description\" content=\"Truva D\u00f6rtl\u00fc Amfi S\u0131ras\u0131 TRV 004 Panelkon garantisiyle \u00fcretilen amfi s\u0131ra modellerimizden olan TRV.004 \u00d6N TRUVA D\u00d6RTL\u00dc AMF\u0130 SIRASI(\u00d6N) TSE\u2019ye uygun.\" \/>\n<meta property=\"og:url\" content=\"https:\/\/www.panelkon.com\/en\/urun\/truva-dortlu-amfi-sirasi-trv-004-on\/\" \/>\n<meta property=\"og:site_name\" content=\"Panelkon Konferans Koltuk Sistemleri\" \/>\n<meta property=\"article:modified_time\" content=\"2023-09-24T20:41:54+00:00\" \/>\n<meta property=\"og:image\" content=\"https:\/\/www.panelkon.com\/wp-content\/uploads\/2023\/09\/TRUVA-DORTLU-ON-2.jpg\" \/>\n\t<meta property=\"og:image:width\" content=\"750\" \/>\n\t<meta property=\"og:image:height\" content=\"750\" \/>\n\t<meta property=\"og:image:type\" content=\"image\/jpeg\" \/>\n<meta name=\"twitter:card\" content=\"summary_large_image\" \/>\n<script type=\"application\/ld+json\" class=\"yoast-schema-graph\">{\"@context\":\"https:\\\/\\\/schema.org\",\"@graph\":[{\"@type\":\"WebPage\",\"@id\":\"https:\\\/\\\/www.panelkon.com\\\/en\\\/urun\\\/truva-dortlu-amfi-sirasi-trv-004-on\\\/\",\"url\":\"https:\\\/\\\/www.panelkon.com\\\/en\\\/urun\\\/truva-dortlu-amfi-sirasi-trv-004-on\\\/\",\"name\":\"Truva D\u00f6rtl\u00fc Amfi S\u0131ras\u0131 TRV 004 | Panelkon Amfi Koltu\u011fu\",\"isPartOf\":{\"@id\":\"https:\\\/\\\/www.panelkon.com\\\/#website\"},\"primaryImageOfPage\":{\"@id\":\"https:\\\/\\\/www.panelkon.com\\\/en\\\/urun\\\/truva-dortlu-amfi-sirasi-trv-004-on\\\/#primaryimage\"},\"image\":{\"@id\":\"https:\\\/\\\/www.panelkon.com\\\/en\\\/urun\\\/truva-dortlu-amfi-sirasi-trv-004-on\\\/#primaryimage\"},\"thumbnailUrl\":\"https:\\\/\\\/www.panelkon.com\\\/wp-content\\\/uploads\\\/2023\\\/09\\\/TRUVA-DORTLU-ON-2.jpg\",\"datePublished\":\"2023-09-09T10:50:53+00:00\",\"dateModified\":\"2023-09-24T20:41:54+00:00\",\"description\":\"Truva D\u00f6rtl\u00fc Amfi S\u0131ras\u0131 TRV 004 Panelkon garantisiyle \u00fcretilen amfi s\u0131ra modellerimizden olan TRV.004 \u00d6N TRUVA D\u00d6RTL\u00dc AMF\u0130 SIRASI(\u00d6N) TSE\u2019ye uygun.\",\"breadcrumb\":{\"@id\":\"https:\\\/\\\/www.panelkon.com\\\/en\\\/urun\\\/truva-dortlu-amfi-sirasi-trv-004-on\\\/#breadcrumb\"},\"inLanguage\":\"en-US\",\"potentialAction\":[{\"@type\":\"ReadAction\",\"target\":[\"https:\\\/\\\/www.panelkon.com\\\/en\\\/urun\\\/truva-dortlu-amfi-sirasi-trv-004-on\\\/\"]}]},{\"@type\":\"ImageObject\",\"inLanguage\":\"en-US\",\"@id\":\"https:\\\/\\\/www.panelkon.com\\\/en\\\/urun\\\/truva-dortlu-amfi-sirasi-trv-004-on\\\/#primaryimage\",\"url\":\"https:\\\/\\\/www.panelkon.com\\\/wp-content\\\/uploads\\\/2023\\\/09\\\/TRUVA-DORTLU-ON-2.jpg\",\"contentUrl\":\"https:\\\/\\\/www.panelkon.com\\\/wp-content\\\/uploads\\\/2023\\\/09\\\/TRUVA-DORTLU-ON-2.jpg\",\"width\":750,\"height\":750},{\"@type\":\"BreadcrumbList\",\"@id\":\"https:\\\/\\\/www.panelkon.com\\\/en\\\/urun\\\/truva-dortlu-amfi-sirasi-trv-004-on\\\/#breadcrumb\",\"itemListElement\":[{\"@type\":\"ListItem\",\"position\":1,\"name\":\"Shop\",\"item\":\"https:\\\/\\\/www.panelkon.com\\\/shop\\\/\"},{\"@type\":\"ListItem\",\"position\":2,\"name\":\"Truva D\u00f6rtl\u00fc Amfi S\u0131ras\u0131 TRV 004 (\u00d6n)\"}]},{\"@type\":\"WebSite\",\"@id\":\"https:\\\/\\\/www.panelkon.com\\\/#website\",\"url\":\"https:\\\/\\\/www.panelkon.com\\\/\",\"name\":\"Panelkon Konferans ve Ofis Koltuk Sistemleri\",\"description\":\"\",\"publisher\":{\"@id\":\"https:\\\/\\\/www.panelkon.com\\\/#organization\"},\"potentialAction\":[{\"@type\":\"SearchAction\",\"target\":{\"@type\":\"EntryPoint\",\"urlTemplate\":\"https:\\\/\\\/www.panelkon.com\\\/?s={search_term_string}\"},\"query-input\":{\"@type\":\"PropertyValueSpecification\",\"valueRequired\":true,\"valueName\":\"search_term_string\"}}],\"inLanguage\":\"en-US\"},{\"@type\":\"Organization\",\"@id\":\"https:\\\/\\\/www.panelkon.com\\\/#organization\",\"name\":\"Panelkon Konferans ve Ofis Koltuk Sistemleri\",\"url\":\"https:\\\/\\\/www.panelkon.com\\\/\",\"logo\":{\"@type\":\"ImageObject\",\"inLanguage\":\"en-US\",\"@id\":\"https:\\\/\\\/www.panelkon.com\\\/#\\\/schema\\\/logo\\\/image\\\/\",\"url\":\"https:\\\/\\\/www.panelkon.com\\\/wp-content\\\/uploads\\\/2023\\\/09\\\/panelkon-logo-1.png\",\"contentUrl\":\"https:\\\/\\\/www.panelkon.com\\\/wp-content\\\/uploads\\\/2023\\\/09\\\/panelkon-logo-1.png\",\"width\":3980,\"height\":841,\"caption\":\"Panelkon Konferans ve Ofis Koltuk Sistemleri\"},\"image\":{\"@id\":\"https:\\\/\\\/www.panelkon.com\\\/#\\\/schema\\\/logo\\\/image\\\/\"}}]}<\/script>\n<!-- \/ Yoast SEO plugin. -->","yoast_head_json":{"title":"Truva D\u00f6rtl\u00fc Amfi S\u0131ras\u0131 TRV 004 | Panelkon Amfi Koltu\u011fu","description":"Truva D\u00f6rtl\u00fc Amfi S\u0131ras\u0131 TRV 004 Panelkon garantisiyle \u00fcretilen amfi s\u0131ra modellerimizden olan TRV.004 \u00d6N TRUVA D\u00d6RTL\u00dc AMF\u0130 SIRASI(\u00d6N) TSE\u2019ye uygun.","robots":{"index":"index","follow":"follow","max-snippet":"max-snippet:-1","max-image-preview":"max-image-preview:large","max-video-preview":"max-video-preview:-1"},"canonical":"https:\/\/www.panelkon.com\/en\/urun\/truva-dortlu-amfi-sirasi-trv-004-on\/","og_locale":"en_US","og_type":"article","og_title":"Truva D\u00f6rtl\u00fc Amfi S\u0131ras\u0131 TRV 004 | Panelkon Amfi Koltu\u011fu","og_description":"Truva D\u00f6rtl\u00fc Amfi S\u0131ras\u0131 TRV 004 Panelkon garantisiyle \u00fcretilen amfi s\u0131ra modellerimizden olan TRV.004 \u00d6N TRUVA D\u00d6RTL\u00dc AMF\u0130 SIRASI(\u00d6N) TSE\u2019ye uygun.","og_url":"https:\/\/www.panelkon.com\/en\/urun\/truva-dortlu-amfi-sirasi-trv-004-on\/","og_site_name":"Panelkon Konferans Koltuk Sistemleri","article_modified_time":"2023-09-24T20:41:54+00:00","og_image":[{"width":750,"height":750,"url":"https:\/\/www.panelkon.com\/wp-content\/uploads\/2023\/09\/TRUVA-DORTLU-ON-2.jpg","type":"image\/jpeg"}],"twitter_card":"summary_large_image","schema":{"@context":"https:\/\/schema.org","@graph":[{"@type":"WebPage","@id":"https:\/\/www.panelkon.com\/en\/urun\/truva-dortlu-amfi-sirasi-trv-004-on\/","url":"https:\/\/www.panelkon.com\/en\/urun\/truva-dortlu-amfi-sirasi-trv-004-on\/","name":"Truva D\u00f6rtl\u00fc Amfi S\u0131ras\u0131 TRV 004 | Panelkon Amfi Koltu\u011fu","isPartOf":{"@id":"https:\/\/www.panelkon.com\/#website"},"primaryImageOfPage":{"@id":"https:\/\/www.panelkon.com\/en\/urun\/truva-dortlu-amfi-sirasi-trv-004-on\/#primaryimage"},"image":{"@id":"https:\/\/www.panelkon.com\/en\/urun\/truva-dortlu-amfi-sirasi-trv-004-on\/#primaryimage"},"thumbnailUrl":"https:\/\/www.panelkon.com\/wp-content\/uploads\/2023\/09\/TRUVA-DORTLU-ON-2.jpg","datePublished":"2023-09-09T10:50:53+00:00","dateModified":"2023-09-24T20:41:54+00:00","description":"Truva D\u00f6rtl\u00fc Amfi S\u0131ras\u0131 TRV 004 Panelkon garantisiyle \u00fcretilen amfi s\u0131ra modellerimizden olan TRV.004 \u00d6N TRUVA D\u00d6RTL\u00dc AMF\u0130 SIRASI(\u00d6N) TSE\u2019ye uygun.","breadcrumb":{"@id":"https:\/\/www.panelkon.com\/en\/urun\/truva-dortlu-amfi-sirasi-trv-004-on\/#breadcrumb"},"inLanguage":"en-US","potentialAction":[{"@type":"ReadAction","target":["https:\/\/www.panelkon.com\/en\/urun\/truva-dortlu-amfi-sirasi-trv-004-on\/"]}]},{"@type":"ImageObject","inLanguage":"en-US","@id":"https:\/\/www.panelkon.com\/en\/urun\/truva-dortlu-amfi-sirasi-trv-004-on\/#primaryimage","url":"https:\/\/www.panelkon.com\/wp-content\/uploads\/2023\/09\/TRUVA-DORTLU-ON-2.jpg","contentUrl":"https:\/\/www.panelkon.com\/wp-content\/uploads\/2023\/09\/TRUVA-DORTLU-ON-2.jpg","width":750,"height":750},{"@type":"BreadcrumbList","@id":"https:\/\/www.panelkon.com\/en\/urun\/truva-dortlu-amfi-sirasi-trv-004-on\/#breadcrumb","itemListElement":[{"@type":"ListItem","position":1,"name":"Shop","item":"https:\/\/www.panelkon.com\/shop\/"},{"@type":"ListItem","position":2,"name":"Truva D\u00f6rtl\u00fc Amfi S\u0131ras\u0131 TRV 004 (\u00d6n)"}]},{"@type":"WebSite","@id":"https:\/\/www.panelkon.com\/#website","url":"https:\/\/www.panelkon.com\/","name":"Panelkon Konferans ve Ofis Koltuk Sistemleri","description":"","publisher":{"@id":"https:\/\/www.panelkon.com\/#organization"},"potentialAction":[{"@type":"SearchAction","target":{"@type":"EntryPoint","urlTemplate":"https:\/\/www.panelkon.com\/?s={search_term_string}"},"query-input":{"@type":"PropertyValueSpecification","valueRequired":true,"valueName":"search_term_string"}}],"inLanguage":"en-US"},{"@type":"Organization","@id":"https:\/\/www.panelkon.com\/#organization","name":"Panelkon Konferans ve Ofis Koltuk Sistemleri","url":"https:\/\/www.panelkon.com\/","logo":{"@type":"ImageObject","inLanguage":"en-US","@id":"https:\/\/www.panelkon.com\/#\/schema\/logo\/image\/","url":"https:\/\/www.panelkon.com\/wp-content\/uploads\/2023\/09\/panelkon-logo-1.png","contentUrl":"https:\/\/www.panelkon.com\/wp-content\/uploads\/2023\/09\/panelkon-logo-1.png","width":3980,"height":841,"caption":"Panelkon Konferans ve Ofis Koltuk Sistemleri"},"image":{"@id":"https:\/\/www.panelkon.com\/#\/schema\/logo\/image\/"}}]}},"_links":{"self":[{"href":"https:\/\/www.panelkon.com\/en\/wp-json\/wp\/v2\/product\/1330","targetHints":{"allow":["GET"]}}],"collection":[{"href":"https:\/\/www.panelkon.com\/en\/wp-json\/wp\/v2\/product"}],"about":[{"href":"https:\/\/www.panelkon.com\/en\/wp-json\/wp\/v2\/types\/product"}],"wp:featuredmedia":[{"embeddable":true,"href":"https:\/\/www.panelkon.com\/en\/wp-json\/wp\/v2\/media\/1363"}],"wp:attachment":[{"href":"https:\/\/www.panelkon.com\/en\/wp-json\/wp\/v2\/media?parent=1330"}],"wp:term":[{"taxonomy":"product_brand","embeddable":true,"href":"https:\/\/www.panelkon.com\/en\/wp-json\/wp\/v2\/product_brand?post=1330"},{"taxonomy":"product_cat","embeddable":true,"href":"https:\/\/www.panelkon.com\/en\/wp-json\/wp\/v2\/product_cat?post=1330"},{"taxonomy":"product_tag","embeddable":true,"href":"https:\/\/www.panelkon.com\/en\/wp-json\/wp\/v2\/product_tag?post=1330"}],"curies":[{"name":"wp","href":"https:\/\/api.w.org\/{rel}","templated":true}]}}