{"id":1037,"date":"2023-09-09T13:49:10","date_gmt":"2023-09-09T10:49:10","guid":{"rendered":"https:\/\/www.panelkon.com\/?post_type=product&#038;p=1037"},"modified":"2023-09-09T13:49:52","modified_gmt":"2023-09-09T10:49:52","slug":"wood-01","status":"publish","type":"product","link":"https:\/\/www.panelkon.com\/en\/urun\/wood-01\/","title":{"rendered":"Wood 01"},"content":{"rendered":"<div id=\"tabsTemp\" class=\"w-tabs\">\n<div class=\"w-tabs-section active\">\n<div class=\"w-tabs-section-content\">\n<div class=\"w-tabs-section-content-h\">\n<div class=\"g-cols wpb_row offset_default\">\n<div class=\"one-half\">\n<div class=\"wpb_text_column \">\n<div class=\"wpb_wrapper\">\n<p><strong>Wood 01<\/strong>\u00a0kodlu <strong>Wood Uzun Ah\u015fap Kol,S\u0131rttan Ah\u015fap Yaz\u0131 Tablas\u0131 \u00c7\u0131kmal\u0131, Otura\u011f\u0131 D\u00f6\u015femeli Konferans Koltu\u011fu<\/strong>\u00a0TSE&#8217;ye uygun olarak \u00fcretilmektedir.<\/p>\n<p>\u00dcr\u00fcn\u00fcn \u00fcretim s\u00fcrecinde kulland\u0131\u011f\u0131m\u0131z malzemeler insan sa\u011fl\u0131\u011f\u0131na uygun materyallerden olu\u015fmaktad\u0131r. T\u00fcm \u00fcr\u00fcnlerimiz insan sa\u011fl\u0131\u011f\u0131 dikkate al\u0131narak ihtiyaca y\u00f6nelik ve konfor anlay\u0131\u015f\u0131 benimsenerek \u00fcretilmektedir.<\/p>\n<p>Bize a\u015fa\u011f\u0131daki bilgilerden ula\u015fabilir ve \u00fcr\u00fcn \/ fiyat bilgisi alabilirsiniz.<\/p>\n<p><em>Telefon:<\/em> +90 (212) 734 36 50<br \/>\n<em>E-Posta:<\/em> <a href=\"mailto:info@panelkon.com\">info@panelkon.com<\/a><\/p>\n<\/div>\n<\/div>\n<\/div>\n<\/div>\n<\/div>\n<\/div>\n<\/div>\n<\/div>\n","protected":false},"excerpt":{"rendered":"<p><strong>Wood<\/strong> 01 adl\u0131 \u00f6zel koltuk modelimiz, l\u00fcks d\u00f6\u015femesi, sade ama g\u00f6z al\u0131c\u0131 ah\u015fap kollar\u0131 ve s\u0131rt\u0131 ile salonun yaln\u0131zca \u00f6n taraftan de\u011fil; arka ve yan taraf\u0131ndan da muhte\u015fem g\u00f6z\u00fckmesini sa\u011fl\u0131yor. Yarat\u0131lan g\u00f6rsel \u015f\u00f6lenin yan\u0131nda s\u0131rt\u0131ndan \u00e7\u0131kmal\u0131 ah\u015fap yaz\u0131 tablas\u0131 ile i\u015flevselli\u011fi de g\u00f6z ard\u0131 etmiyor.<\/p>\n","protected":false},"featured_media":1133,"template":"","meta":[],"product_brand":[],"product_cat":[121,332],"product_tag":[315,152],"class_list":{"0":"post-1037","1":"product","2":"type-product","3":"status-publish","4":"has-post-thumbnail","6":"product_cat-vip-koltuklar","7":"product_cat-wood","8":"product_tag-oturagi-dosemeli-konferans-koltugu","9":"product_tag-vip-koltuklar","11":"first","12":"instock","13":"shipping-taxable","14":"product-type-simple"},"yoast_head":"<!-- This site is optimized with the Yoast SEO plugin v27.4 - https:\/\/yoast.com\/product\/yoast-seo-wordpress\/ -->\n<title>Wood 01 - Panelkon Konferans Koltuk Sistemleri<\/title>\n<meta name=\"description\" content=\"VIP koltuk modellerimizden olan Wood 01\u00a0kodlu Wood Uzun Ah\u015fap Kol,S\u0131rttan Ah\u015fap Yaz\u0131 Tablas\u0131 \u00c7\u0131kmal\u0131, Otura\u011f\u0131 D\u00f6\u015femeli Konferans Koltu\u011fu hakk\u0131nda bilgi al\u0131n\" \/>\n<meta name=\"robots\" content=\"index, follow, max-snippet:-1, max-image-preview:large, max-video-preview:-1\" \/>\n<link rel=\"canonical\" href=\"https:\/\/www.panelkon.com\/urun\/wood-01\/\" \/>\n<meta property=\"og:locale\" content=\"en_US\" \/>\n<meta property=\"og:type\" content=\"article\" \/>\n<meta property=\"og:title\" content=\"Wood 01 - Panelkon Konferans Koltuk Sistemleri\" \/>\n<meta property=\"og:description\" content=\"VIP koltuk modellerimizden olan Wood 01\u00a0kodlu Wood Uzun Ah\u015fap Kol,S\u0131rttan Ah\u015fap Yaz\u0131 Tablas\u0131 \u00c7\u0131kmal\u0131, Otura\u011f\u0131 D\u00f6\u015femeli Konferans Koltu\u011fu hakk\u0131nda bilgi al\u0131n\" \/>\n<meta property=\"og:url\" content=\"https:\/\/www.panelkon.com\/urun\/wood-01\/\" \/>\n<meta property=\"og:site_name\" content=\"Panelkon Konferans Koltuk Sistemleri\" \/>\n<meta property=\"article:modified_time\" content=\"2023-09-09T10:49:52+00:00\" \/>\n<meta property=\"og:image\" content=\"https:\/\/www.panelkon.com\/wp-content\/uploads\/2023\/09\/WOOD-001.jpg\" \/>\n\t<meta property=\"og:image:width\" content=\"750\" \/>\n\t<meta property=\"og:image:height\" content=\"750\" \/>\n\t<meta property=\"og:image:type\" content=\"image\/jpeg\" \/>\n<meta name=\"twitter:card\" content=\"summary_large_image\" \/>\n<script type=\"application\/ld+json\" class=\"yoast-schema-graph\">{\"@context\":\"https:\\\/\\\/schema.org\",\"@graph\":[{\"@type\":\"WebPage\",\"@id\":\"https:\\\/\\\/www.panelkon.com\\\/urun\\\/wood-01\\\/\",\"url\":\"https:\\\/\\\/www.panelkon.com\\\/urun\\\/wood-01\\\/\",\"name\":\"Wood 01 - Panelkon Konferans Koltuk Sistemleri\",\"isPartOf\":{\"@id\":\"https:\\\/\\\/www.panelkon.com\\\/#website\"},\"primaryImageOfPage\":{\"@id\":\"https:\\\/\\\/www.panelkon.com\\\/urun\\\/wood-01\\\/#primaryimage\"},\"image\":{\"@id\":\"https:\\\/\\\/www.panelkon.com\\\/urun\\\/wood-01\\\/#primaryimage\"},\"thumbnailUrl\":\"https:\\\/\\\/www.panelkon.com\\\/wp-content\\\/uploads\\\/2023\\\/09\\\/WOOD-001.jpg\",\"datePublished\":\"2023-09-09T10:49:10+00:00\",\"dateModified\":\"2023-09-09T10:49:52+00:00\",\"description\":\"VIP koltuk modellerimizden olan Wood 01\u00a0kodlu Wood Uzun Ah\u015fap Kol,S\u0131rttan Ah\u015fap Yaz\u0131 Tablas\u0131 \u00c7\u0131kmal\u0131, Otura\u011f\u0131 D\u00f6\u015femeli Konferans Koltu\u011fu hakk\u0131nda bilgi al\u0131n\",\"breadcrumb\":{\"@id\":\"https:\\\/\\\/www.panelkon.com\\\/urun\\\/wood-01\\\/#breadcrumb\"},\"inLanguage\":\"en-US\",\"potentialAction\":[{\"@type\":\"ReadAction\",\"target\":[\"https:\\\/\\\/www.panelkon.com\\\/urun\\\/wood-01\\\/\"]}]},{\"@type\":\"ImageObject\",\"inLanguage\":\"en-US\",\"@id\":\"https:\\\/\\\/www.panelkon.com\\\/urun\\\/wood-01\\\/#primaryimage\",\"url\":\"https:\\\/\\\/www.panelkon.com\\\/wp-content\\\/uploads\\\/2023\\\/09\\\/WOOD-001.jpg\",\"contentUrl\":\"https:\\\/\\\/www.panelkon.com\\\/wp-content\\\/uploads\\\/2023\\\/09\\\/WOOD-001.jpg\",\"width\":750,\"height\":750},{\"@type\":\"BreadcrumbList\",\"@id\":\"https:\\\/\\\/www.panelkon.com\\\/urun\\\/wood-01\\\/#breadcrumb\",\"itemListElement\":[{\"@type\":\"ListItem\",\"position\":1,\"name\":\"Shop\",\"item\":\"https:\\\/\\\/www.panelkon.com\\\/shop\\\/\"},{\"@type\":\"ListItem\",\"position\":2,\"name\":\"Wood 01\"}]},{\"@type\":\"WebSite\",\"@id\":\"https:\\\/\\\/www.panelkon.com\\\/#website\",\"url\":\"https:\\\/\\\/www.panelkon.com\\\/\",\"name\":\"Panelkon Konferans ve Ofis Koltuk Sistemleri\",\"description\":\"\",\"publisher\":{\"@id\":\"https:\\\/\\\/www.panelkon.com\\\/#organization\"},\"potentialAction\":[{\"@type\":\"SearchAction\",\"target\":{\"@type\":\"EntryPoint\",\"urlTemplate\":\"https:\\\/\\\/www.panelkon.com\\\/?s={search_term_string}\"},\"query-input\":{\"@type\":\"PropertyValueSpecification\",\"valueRequired\":true,\"valueName\":\"search_term_string\"}}],\"inLanguage\":\"en-US\"},{\"@type\":\"Organization\",\"@id\":\"https:\\\/\\\/www.panelkon.com\\\/#organization\",\"name\":\"Panelkon Konferans ve Ofis Koltuk Sistemleri\",\"url\":\"https:\\\/\\\/www.panelkon.com\\\/\",\"logo\":{\"@type\":\"ImageObject\",\"inLanguage\":\"en-US\",\"@id\":\"https:\\\/\\\/www.panelkon.com\\\/#\\\/schema\\\/logo\\\/image\\\/\",\"url\":\"https:\\\/\\\/www.panelkon.com\\\/wp-content\\\/uploads\\\/2023\\\/09\\\/panelkon-logo-1.png\",\"contentUrl\":\"https:\\\/\\\/www.panelkon.com\\\/wp-content\\\/uploads\\\/2023\\\/09\\\/panelkon-logo-1.png\",\"width\":3980,\"height\":841,\"caption\":\"Panelkon Konferans ve Ofis Koltuk Sistemleri\"},\"image\":{\"@id\":\"https:\\\/\\\/www.panelkon.com\\\/#\\\/schema\\\/logo\\\/image\\\/\"}}]}<\/script>\n<!-- \/ Yoast SEO plugin. -->","yoast_head_json":{"title":"Wood 01 - Panelkon Konferans Koltuk Sistemleri","description":"VIP koltuk modellerimizden olan Wood 01\u00a0kodlu Wood Uzun Ah\u015fap Kol,S\u0131rttan Ah\u015fap Yaz\u0131 Tablas\u0131 \u00c7\u0131kmal\u0131, Otura\u011f\u0131 D\u00f6\u015femeli Konferans Koltu\u011fu hakk\u0131nda bilgi al\u0131n","robots":{"index":"index","follow":"follow","max-snippet":"max-snippet:-1","max-image-preview":"max-image-preview:large","max-video-preview":"max-video-preview:-1"},"canonical":"https:\/\/www.panelkon.com\/urun\/wood-01\/","og_locale":"en_US","og_type":"article","og_title":"Wood 01 - Panelkon Konferans Koltuk Sistemleri","og_description":"VIP koltuk modellerimizden olan Wood 01\u00a0kodlu Wood Uzun Ah\u015fap Kol,S\u0131rttan Ah\u015fap Yaz\u0131 Tablas\u0131 \u00c7\u0131kmal\u0131, Otura\u011f\u0131 D\u00f6\u015femeli Konferans Koltu\u011fu hakk\u0131nda bilgi al\u0131n","og_url":"https:\/\/www.panelkon.com\/urun\/wood-01\/","og_site_name":"Panelkon Konferans Koltuk Sistemleri","article_modified_time":"2023-09-09T10:49:52+00:00","og_image":[{"width":750,"height":750,"url":"https:\/\/www.panelkon.com\/wp-content\/uploads\/2023\/09\/WOOD-001.jpg","type":"image\/jpeg"}],"twitter_card":"summary_large_image","schema":{"@context":"https:\/\/schema.org","@graph":[{"@type":"WebPage","@id":"https:\/\/www.panelkon.com\/urun\/wood-01\/","url":"https:\/\/www.panelkon.com\/urun\/wood-01\/","name":"Wood 01 - Panelkon Konferans Koltuk Sistemleri","isPartOf":{"@id":"https:\/\/www.panelkon.com\/#website"},"primaryImageOfPage":{"@id":"https:\/\/www.panelkon.com\/urun\/wood-01\/#primaryimage"},"image":{"@id":"https:\/\/www.panelkon.com\/urun\/wood-01\/#primaryimage"},"thumbnailUrl":"https:\/\/www.panelkon.com\/wp-content\/uploads\/2023\/09\/WOOD-001.jpg","datePublished":"2023-09-09T10:49:10+00:00","dateModified":"2023-09-09T10:49:52+00:00","description":"VIP koltuk modellerimizden olan Wood 01\u00a0kodlu Wood Uzun Ah\u015fap Kol,S\u0131rttan Ah\u015fap Yaz\u0131 Tablas\u0131 \u00c7\u0131kmal\u0131, Otura\u011f\u0131 D\u00f6\u015femeli Konferans Koltu\u011fu hakk\u0131nda bilgi al\u0131n","breadcrumb":{"@id":"https:\/\/www.panelkon.com\/urun\/wood-01\/#breadcrumb"},"inLanguage":"en-US","potentialAction":[{"@type":"ReadAction","target":["https:\/\/www.panelkon.com\/urun\/wood-01\/"]}]},{"@type":"ImageObject","inLanguage":"en-US","@id":"https:\/\/www.panelkon.com\/urun\/wood-01\/#primaryimage","url":"https:\/\/www.panelkon.com\/wp-content\/uploads\/2023\/09\/WOOD-001.jpg","contentUrl":"https:\/\/www.panelkon.com\/wp-content\/uploads\/2023\/09\/WOOD-001.jpg","width":750,"height":750},{"@type":"BreadcrumbList","@id":"https:\/\/www.panelkon.com\/urun\/wood-01\/#breadcrumb","itemListElement":[{"@type":"ListItem","position":1,"name":"Shop","item":"https:\/\/www.panelkon.com\/shop\/"},{"@type":"ListItem","position":2,"name":"Wood 01"}]},{"@type":"WebSite","@id":"https:\/\/www.panelkon.com\/#website","url":"https:\/\/www.panelkon.com\/","name":"Panelkon Konferans ve Ofis Koltuk Sistemleri","description":"","publisher":{"@id":"https:\/\/www.panelkon.com\/#organization"},"potentialAction":[{"@type":"SearchAction","target":{"@type":"EntryPoint","urlTemplate":"https:\/\/www.panelkon.com\/?s={search_term_string}"},"query-input":{"@type":"PropertyValueSpecification","valueRequired":true,"valueName":"search_term_string"}}],"inLanguage":"en-US"},{"@type":"Organization","@id":"https:\/\/www.panelkon.com\/#organization","name":"Panelkon Konferans ve Ofis Koltuk Sistemleri","url":"https:\/\/www.panelkon.com\/","logo":{"@type":"ImageObject","inLanguage":"en-US","@id":"https:\/\/www.panelkon.com\/#\/schema\/logo\/image\/","url":"https:\/\/www.panelkon.com\/wp-content\/uploads\/2023\/09\/panelkon-logo-1.png","contentUrl":"https:\/\/www.panelkon.com\/wp-content\/uploads\/2023\/09\/panelkon-logo-1.png","width":3980,"height":841,"caption":"Panelkon Konferans ve Ofis Koltuk Sistemleri"},"image":{"@id":"https:\/\/www.panelkon.com\/#\/schema\/logo\/image\/"}}]}},"_links":{"self":[{"href":"https:\/\/www.panelkon.com\/en\/wp-json\/wp\/v2\/product\/1037","targetHints":{"allow":["GET"]}}],"collection":[{"href":"https:\/\/www.panelkon.com\/en\/wp-json\/wp\/v2\/product"}],"about":[{"href":"https:\/\/www.panelkon.com\/en\/wp-json\/wp\/v2\/types\/product"}],"wp:featuredmedia":[{"embeddable":true,"href":"https:\/\/www.panelkon.com\/en\/wp-json\/wp\/v2\/media\/1133"}],"wp:attachment":[{"href":"https:\/\/www.panelkon.com\/en\/wp-json\/wp\/v2\/media?parent=1037"}],"wp:term":[{"taxonomy":"product_brand","embeddable":true,"href":"https:\/\/www.panelkon.com\/en\/wp-json\/wp\/v2\/product_brand?post=1037"},{"taxonomy":"product_cat","embeddable":true,"href":"https:\/\/www.panelkon.com\/en\/wp-json\/wp\/v2\/product_cat?post=1037"},{"taxonomy":"product_tag","embeddable":true,"href":"https:\/\/www.panelkon.com\/en\/wp-json\/wp\/v2\/product_tag?post=1037"}],"curies":[{"name":"wp","href":"https:\/\/api.w.org\/{rel}","templated":true}]}}